{"id":925,"date":"2025-04-15T21:13:10","date_gmt":"2025-04-15T21:13:10","guid":{"rendered":"https:\/\/sinamedic.es\/contacta-con-nosotros\/"},"modified":"2025-09-27T04:01:17","modified_gmt":"2025-09-27T04:01:17","slug":"contacta-con-nosotros","status":"publish","type":"page","link":"https:\/\/sinamedic.es\/ca\/contacta-con-nosotros\/","title":{"rendered":"Contacta con nosotros"},"content":{"rendered":"<div class=\"wpb-content-wrapper\">[vc_row full_width=&#8221;stretch_row_content_no_spaces&#8221; css=&#8221;.vc_custom_1744753372297{border-top-width: 10% !important;padding-right: 10% !important;}&#8221;][vc_column width=&#8221;3\/4&#8243; css=&#8221;.vc_custom_1744754056703{background-image: url(https:\/\/sinamedic.es\/wp-content\/uploads\/2025\/04\/cuadrat-1.png?id=262) !important;background-position: center !important;background-repeat: no-repeat !important;background-size: cover !important;}&#8221;][vc_empty_space height=&#8221;50px&#8221;][vc_row_inner][vc_column_inner css=&#8221;.vc_custom_1748867467238{padding-right: 5% !important;padding-left: 5% !important;}&#8221;]\n<div class=\"wpcf7 no-js\" id=\"wpcf7-f507-o1\" lang=\"en-US\" dir=\"ltr\" data-wpcf7-id=\"507\">\n<div class=\"screen-reader-response\"><p role=\"status\" aria-live=\"polite\" aria-atomic=\"true\"><\/p> <ul><\/ul><\/div>\n<form action=\"\/ca\/wp-json\/wp\/v2\/pages\/925#wpcf7-f507-o1\" method=\"post\" class=\"wpcf7-form init\" aria-label=\"Contact form\" novalidate=\"novalidate\" data-status=\"init\">\n<div style=\"display: none;\">\n<input type=\"hidden\" name=\"_wpcf7\" value=\"507\" \/>\n<input type=\"hidden\" name=\"_wpcf7_version\" value=\"6.0.6\" \/>\n<input type=\"hidden\" name=\"_wpcf7_locale\" value=\"en_US\" \/>\n<input type=\"hidden\" name=\"_wpcf7_unit_tag\" value=\"wpcf7-f507-o1\" \/>\n<input type=\"hidden\" name=\"_wpcf7_container_post\" value=\"0\" \/>\n<input type=\"hidden\" name=\"_wpcf7_posted_data_hash\" value=\"\" \/>\n<input type=\"hidden\" name=\"_wpcf7_recaptcha_response\" value=\"\" \/>\n<\/div>\n<div class=\"contacto-grid\">\n\t<div class=\"contacto-col\">\n\t\t<p><label>Nombre<br \/>\n<span class=\"wpcf7-form-control-wrap\" data-name=\"your-name\"><input size=\"40\" maxlength=\"400\" class=\"wpcf7-form-control wpcf7-text wpcf7-validates-as-required form-control\" aria-required=\"true\" aria-invalid=\"false\" value=\"\" type=\"text\" name=\"your-name\" \/><\/span><\/label>\n\t\t<\/p>\n\t\t<p><label>Correo electr\u00f3nico<br \/>\n<span class=\"wpcf7-form-control-wrap\" data-name=\"your-email\"><input size=\"40\" maxlength=\"400\" class=\"wpcf7-form-control wpcf7-email wpcf7-validates-as-required wpcf7-text wpcf7-validates-as-email form-control\" aria-required=\"true\" aria-invalid=\"false\" value=\"\" type=\"email\" name=\"your-email\" \/><\/span><\/label>\n\t\t<\/p>\n\t\t<p><label>Tel\u00e9fono<br \/>\n<span class=\"wpcf7-form-control-wrap\" data-name=\"your-phone\"><input size=\"40\" maxlength=\"400\" class=\"wpcf7-form-control wpcf7-tel wpcf7-validates-as-required wpcf7-text wpcf7-validates-as-tel form-control\" aria-required=\"true\" aria-invalid=\"false\" value=\"\" type=\"tel\" name=\"your-phone\" \/><\/span><\/label>\n\t\t<\/p>\n\t<\/div>\n\t<div class=\"contacto-col\">\n\t\t<p><label>Categor\u00eda de producto<br \/>\n<span class=\"wpcf7-form-control-wrap\" data-name=\"category\"><select class=\"wpcf7-form-control wpcf7-select wpcf7-validates-as-required form-control\" aria-required=\"true\" aria-invalid=\"false\" name=\"category\"><option value=\"\">&#8212;Please choose an option&#8212;<\/option><option value=\"Anestesia\">Anestesia<\/option><option value=\"Desfibrilaci\u00f3n\">Desfibrilaci\u00f3n<\/option><option value=\"Material fungible\">Material fungible<\/option><option value=\"Inmovilizaci\u00f3n\">Inmovilizaci\u00f3n<\/option><option value=\"Mobiliario y equipamiento\">Mobiliario y equipamiento<\/option><option value=\"Electromedicina y equipos\">Electromedicina y equipos<\/option><option value=\"Reanimaci\u00f3n y primeros auxilios\">Reanimaci\u00f3n y primeros auxilios<\/option><option value=\"Productos en oferta\">Productos en oferta<\/option><\/select><\/span><\/label>\n\t\t<\/p>\n\t\t<p><label>Producto (modelo o descripci\u00f3n)<br \/>\n<span class=\"wpcf7-form-control-wrap\" data-name=\"product\"><input size=\"40\" maxlength=\"400\" class=\"wpcf7-form-control wpcf7-text wpcf7-validates-as-required form-control\" aria-required=\"true\" aria-invalid=\"false\" value=\"\" type=\"text\" name=\"product\" \/><\/span><\/label>\n\t\t<\/p>\n\t\t<p><label>Mensaje<br \/>\n<span class=\"wpcf7-form-control-wrap\" data-name=\"your-message\"><textarea cols=\"40\" rows=\"10\" maxlength=\"2000\" class=\"wpcf7-form-control wpcf7-textarea wpcf7-validates-as-required form-control\" aria-required=\"true\" aria-invalid=\"false\" name=\"your-message\"><\/textarea><\/span><\/label>\n\t\t<\/p>\n\t<\/div>\n<\/div>\n<div class=\"contacto-grid\">\n\t<div class=\"contacto-col\">\n\t\t<p>INFORMACI\u00d3N PROTECCI\u00d3N DE DATOS DE SINAMEDIC, S.L.<br \/>\n<b>Finalidades:<\/b> Atender su solicitud de informaci\u00f3n y enviarle comunicaciones comerciales sobre nuestros productos y servicios, incluso por medios electr\u00f3nicos.<br \/>\n<b>Legitimaci\u00f3n:<\/b> Consentimiento del interesado.<br \/>\n<b>Destinatarios:<\/b> No se ceder\u00e1n datos a terceros, salvo obligaci\u00f3n legal.<br \/>\nDerechos: Puede retirar su consentimiento en cualquier momento, as\u00ed como ejercer sus derechos de acceso, rectificaci\u00f3n, supresi\u00f3n, oposici\u00f3n, limitaci\u00f3n y portabilidad enviando un correo a info@sinamedic.com.<br \/>\n<b>Informaci\u00f3n adicional:<\/b> Puede consultar todos los detalles en nuestra Pol\u00edtica de Privacidad.\n\t\t<\/p>\n\t<\/div>\n\t<p class=\"politica\"><br \/>\n<span class=\"wpcf7-form-control-wrap\" data-name=\"acceptance-279\"><span class=\"wpcf7-form-control wpcf7-acceptance\"><span class=\"wpcf7-list-item\"><input type=\"checkbox\" name=\"acceptance-279\" value=\"1\" aria-invalid=\"false\" \/><\/span><\/span><\/span> He le\u00eddo y acepto la <a href=\"\/politica-de-privacidad\" target=\"_blank\">pol\u00edtica de privacidad<\/a>.\n\t<\/p>\n\t<p><input class=\"wpcf7-form-control wpcf7-submit has-spinner btn btn-primary\" type=\"submit\" value=\"Enviar\" \/>\n\t<\/p>\n<\/div><p style=\"display: none !important;\" class=\"akismet-fields-container\" data-prefix=\"_wpcf7_ak_\"><label>&#916;<textarea name=\"_wpcf7_ak_hp_textarea\" cols=\"45\" rows=\"8\" maxlength=\"100\"><\/textarea><\/label><input type=\"hidden\" id=\"ak_js_1\" name=\"_wpcf7_ak_js\" value=\"136\"\/><script>document.getElementById( \"ak_js_1\" ).setAttribute( \"value\", ( new Date() ).getTime() );<\/script><\/p><div class=\"wpcf7-response-output\" aria-hidden=\"true\"><\/div>\n<\/form>\n<\/div>\n[\/vc_column_inner][\/vc_row_inner][\/vc_column][vc_column width=&#8221;1\/4&#8243; css=&#8221;.vc_custom_1748867498114{padding-right: 5% !important;padding-left: 5% !important;}&#8221;][vc_column_text css=&#8221;&#8221; font_size=&#8221;40&#8243; line_height=&#8221;46px&#8221; font_weight=&#8221;300&#8243;]Contacta con nosotros[\/vc_column_text][vc_empty_space height=&#8221;20px&#8221;][vc_single_image image=&#8221;926&#8243; css=&#8221;&#8221;][vc_empty_space height=&#8221;20px&#8221;][vc_column_text css=&#8221;&#8221;]<strong>Sinamedic S.L.<\/strong><br \/>\nTorrent Can Pau Manent 1-3 Local 12<br \/>\n08338 Premi\u00e0 de Dalt (Barcelona)<\/p>\n<span  style=\"color:000;font-size:16px;\" class=\"wpex-icon\" aria-hidden=\"true\"><svg xmlns=\"http:\/\/www.w3.org\/2000\/svg\" viewBox=\"0 0 512 512\"><path d=\"M164.9 24.6c-7.7-18.6-28-28.5-47.4-23.2l-88 24C12.1 30.2 0 46 0 64C0 311.4 200.6 512 448 512c18 0 33.8-12.1 38.6-29.5l24-88c5.3-19.4-4.6-39.7-23.2-47.4l-96-40c-16.3-6.8-35.2-2.1-46.3 11.6L304.7 368C234.3 334.7 177.3 277.7 144 207.3L193.3 167c13.7-11.2 18.4-30 11.6-46.3l-40-96z\"\/><\/svg><\/span>\n<div class=\"top-bar-item wpex-sm-inline-block wpex-mr-20\"><span class=\"top-bar-item__inner wpex-inline-flex wpex-items-center\"><a href=\"tel:937%20525%20147\">+34 937 525 147<\/a><\/span><\/div>\n<p>&nbsp;<\/p>\n<table width=\"204\">\n<tbody>\n<tr>\n<td width=\"117\">Administraci\u00f3n<\/td>\n<td width=\"87\"><a href=\"mailto:soniasans@sinamedic.cat\">soniasans@sinamedic.cat<\/a><\/td>\n<\/tr>\n<tr>\n<td>Pedidos<\/td>\n<td><a href=\"mailto:sinamedic@sinamedic.cat\">sinamedic@sinamedic.cat<\/a><\/td>\n<\/tr>\n<tr>\n<td>Comercial<\/td>\n<td><a href=\"mailto:marionagomila@sinamedic.cat\">marionagomila@sinamedic.cat<\/a><\/td>\n<\/tr>\n<\/tbody>\n<\/table>\n[\/vc_column_text][\/vc_column][\/vc_row][vc_row][vc_column][vc_empty_space][\/vc_column][\/vc_row][vc_row full_width=&#8221;stretch_row_content_no_spaces&#8221;][vc_column][vc_gmaps link=&#8221;#E-8_JTNDaWZyYW1lJTIwc3JjJTNEJTIyaHR0cHMlM0ElMkYlMkZ3d3cuZ29vZ2xlLmNvbSUyRm1hcHMlMkZlbWJlZCUzRnBiJTNEJTIxMW0xOCUyMTFtMTIlMjExbTMlMjExZDI5ODcuOTIyNjMwNDk0MjAyJTIxMmQyLjM0MDQ5NTI4ODA5NzA2NTUlMjEzZDQxLjUwNTk1MTQxNDYwNTA2JTIxMm0zJTIxMWYwJTIxMmYwJTIxM2YwJTIxM20yJTIxMWkxMDI0JTIxMmk3NjglMjE0ZjEzLjElMjEzbTMlMjExbTIlMjExczB4MTJhNGI2ZDcxNjdhMGIyMyUyNTNBMHgzNWVjNmNhMjY1NjFiNTNiJTIxMnNTaW5hbWVkaWMlMjUyMFMuTC4lMjE1ZTAlMjEzbTIlMjExc2VzJTIxMnNlcyUyMTR2MTc0NDc1MjUzMjk4MSUyMTVtMiUyMTFzZXMlMjEyc2VzJTIyJTIwd2lkdGglM0QlMjI2MDAlMjIlMjBoZWlnaHQlM0QlMjI0NTAlMjIlMjBzdHlsZSUzRCUyMmJvcmRlciUzQTAlM0IlMjIlMjBhbGxvd2Z1bGxzY3JlZW4lM0QlMjIlMjIlMjBsb2FkaW5nJTNEJTIybGF6eSUyMiUyMHJlZmVycmVycG9saWN5JTNEJTIybm8tcmVmZXJyZXItd2hlbi1kb3duZ3JhZGUlMjIlM0UlM0MlMkZpZnJhbWUlM0U=&#8221; css=&#8221;.vc_custom_1744752571162{margin-bottom: -30px !important;}&#8221;][\/vc_column][\/vc_row]\n<\/div>","protected":false},"excerpt":{"rendered":"<p>[vc_row full_width=&#8221;stretch_row_content_no_spaces&#8221; css=&#8221;.vc_custom_1744753372297{border-top-width: 10% !important;padding-right: 10% !important;}&#8221;][vc_column width=&#8221;3\/4&#8243; css=&#8221;.vc_custom_1744754056703{background-image: url(https:\/\/sinamedic.es\/wp-content\/uploads\/2025\/04\/cuadrat-1.png?id=262) !important;background-position: center !important;background-repeat: no-repeat !important;background-size: cover !important;}&#8221;][vc_empty_space height=&#8221;50px&#8221;][vc_row_inner][vc_column_inner css=&#8221;.vc_custom_1748867467238{padding-right: 5% !important;padding-left: 5% !important;}&#8221;][\/vc_column_inner][\/vc_row_inner][\/vc_column][vc_column width=&#8221;1\/4&#8243; css=&#8221;.vc_custom_1748867498114{padding-right: 5% !important;padding-left: 5% !important;}&#8221;][vc_column_text css=&#8221;&#8221; font_size=&#8221;40&#8243; line_height=&#8221;46px&#8221; font_weight=&#8221;300&#8243;]Contacta con nosotros[\/vc_column_text][vc_empty_space height=&#8221;20px&#8221;][vc_single_image image=&#8221;926&#8243; css=&#8221;&#8221;][vc_empty_space height=&#8221;20px&#8221;][vc_column_text css=&#8221;&#8221;]Sinamedic S.L. Torrent Can Pau Manent 1-3 Local 12 08338 Premi\u00e0 de Dalt (Barcelona) +34 937&hellip;<\/p>\n","protected":false},"author":2,"featured_media":0,"parent":0,"menu_order":0,"comment_status":"closed","ping_status":"closed","template":"","meta":{"footnotes":""},"class_list":["post-925","page","type-page","status-publish","hentry","entry","no-media"],"yoast_head":"<!-- This site is optimized with the Yoast SEO plugin v24.9 - https:\/\/yoast.com\/wordpress\/plugins\/seo\/ -->\n<title>Contacta con nosotros - Sinamedic<\/title>\n<meta name=\"robots\" content=\"index, follow, max-snippet:-1, max-image-preview:large, max-video-preview:-1\" \/>\n<link rel=\"canonical\" href=\"https:\/\/sinamedic.es\/contacta-con-nosotros\/\" \/>\n<meta property=\"og:locale\" content=\"ca_ES\" \/>\n<meta property=\"og:type\" content=\"article\" \/>\n<meta property=\"og:title\" content=\"Contacta con nosotros - Sinamedic\" \/>\n<meta property=\"og:description\" content=\"[vc_row full_width=&#8221;stretch_row_content_no_spaces&#8221; css=&#8221;.vc_custom_1744753372297{border-top-width: 10% !important;padding-right: 10% !important;}&#8221;][vc_column width=&#8221;3\/4&#8243; css=&#8221;.vc_custom_1744754056703{background-image: url(https:\/\/sinamedic.es\/wp-content\/uploads\/2025\/04\/cuadrat-1.png?id=262) !important;background-position: center !important;background-repeat: no-repeat !important;background-size: cover !important;}&#8221;][vc_empty_space height=&#8221;50px&#8221;][vc_row_inner][vc_column_inner css=&#8221;.vc_custom_1748867467238{padding-right: 5% !important;padding-left: 5% !important;}&#8221;][\/vc_column_inner][\/vc_row_inner][\/vc_column][vc_column width=&#8221;1\/4&#8243; css=&#8221;.vc_custom_1748867498114{padding-right: 5% !important;padding-left: 5% !important;}&#8221;][vc_column_text css=&#8221;&#8221; font_size=&#8221;40&#8243; line_height=&#8221;46px&#8221; font_weight=&#8221;300&#8243;]Contacta con nosotros[\/vc_column_text][vc_empty_space height=&#8221;20px&#8221;][vc_single_image image=&#8221;926&#8243; css=&#8221;&#8221;][vc_empty_space height=&#8221;20px&#8221;][vc_column_text css=&#8221;&#8221;]Sinamedic S.L. Torrent Can Pau Manent 1-3 Local 12 08338 Premi\u00e0 de Dalt (Barcelona) +34 937&hellip;\" \/>\n<meta property=\"og:url\" content=\"https:\/\/sinamedic.es\/contacta-con-nosotros\/\" \/>\n<meta property=\"og:site_name\" content=\"Sinamedic\" \/>\n<meta property=\"article:modified_time\" content=\"2025-09-27T04:01:17+00:00\" \/>\n<meta name=\"twitter:card\" content=\"summary_large_image\" \/>\n<meta name=\"twitter:label1\" content=\"Temps estimat de lectura\" \/>\n\t<meta name=\"twitter:data1\" content=\"1 minut\" \/>\n<script type=\"application\/ld+json\" class=\"yoast-schema-graph\">{\"@context\":\"https:\/\/schema.org\",\"@graph\":[{\"@type\":\"WebPage\",\"@id\":\"https:\/\/sinamedic.es\/contacta-con-nosotros\/\",\"url\":\"https:\/\/sinamedic.es\/contacta-con-nosotros\/\",\"name\":\"Contacta con nosotros - Sinamedic\",\"isPartOf\":{\"@id\":\"https:\/\/sinamedic.es\/#website\"},\"datePublished\":\"2025-04-15T21:13:10+00:00\",\"dateModified\":\"2025-09-27T04:01:17+00:00\",\"breadcrumb\":{\"@id\":\"https:\/\/sinamedic.es\/contacta-con-nosotros\/#breadcrumb\"},\"inLanguage\":\"ca\",\"potentialAction\":[{\"@type\":\"ReadAction\",\"target\":[\"https:\/\/sinamedic.es\/contacta-con-nosotros\/\"]}]},{\"@type\":\"BreadcrumbList\",\"@id\":\"https:\/\/sinamedic.es\/contacta-con-nosotros\/#breadcrumb\",\"itemListElement\":[{\"@type\":\"ListItem\",\"position\":1,\"name\":\"Home\",\"item\":\"https:\/\/sinamedic.es\/\"},{\"@type\":\"ListItem\",\"position\":2,\"name\":\"Contacta con nosotros\"}]},{\"@type\":\"WebSite\",\"@id\":\"https:\/\/sinamedic.es\/#website\",\"url\":\"https:\/\/sinamedic.es\/\",\"name\":\"Sinamedic\",\"description\":\"Cetrex new project\",\"potentialAction\":[{\"@type\":\"SearchAction\",\"target\":{\"@type\":\"EntryPoint\",\"urlTemplate\":\"https:\/\/sinamedic.es\/?s={search_term_string}\"},\"query-input\":{\"@type\":\"PropertyValueSpecification\",\"valueRequired\":true,\"valueName\":\"search_term_string\"}}],\"inLanguage\":\"ca\"}]}<\/script>\n<!-- \/ Yoast SEO plugin. -->","yoast_head_json":{"title":"Contacta con nosotros - Sinamedic","robots":{"index":"index","follow":"follow","max-snippet":"max-snippet:-1","max-image-preview":"max-image-preview:large","max-video-preview":"max-video-preview:-1"},"canonical":"https:\/\/sinamedic.es\/contacta-con-nosotros\/","og_locale":"ca_ES","og_type":"article","og_title":"Contacta con nosotros - Sinamedic","og_description":"[vc_row full_width=&#8221;stretch_row_content_no_spaces&#8221; css=&#8221;.vc_custom_1744753372297{border-top-width: 10% !important;padding-right: 10% !important;}&#8221;][vc_column width=&#8221;3\/4&#8243; css=&#8221;.vc_custom_1744754056703{background-image: url(https:\/\/sinamedic.es\/wp-content\/uploads\/2025\/04\/cuadrat-1.png?id=262) !important;background-position: center !important;background-repeat: no-repeat !important;background-size: cover !important;}&#8221;][vc_empty_space height=&#8221;50px&#8221;][vc_row_inner][vc_column_inner css=&#8221;.vc_custom_1748867467238{padding-right: 5% !important;padding-left: 5% !important;}&#8221;][\/vc_column_inner][\/vc_row_inner][\/vc_column][vc_column width=&#8221;1\/4&#8243; css=&#8221;.vc_custom_1748867498114{padding-right: 5% !important;padding-left: 5% !important;}&#8221;][vc_column_text css=&#8221;&#8221; font_size=&#8221;40&#8243; line_height=&#8221;46px&#8221; font_weight=&#8221;300&#8243;]Contacta con nosotros[\/vc_column_text][vc_empty_space height=&#8221;20px&#8221;][vc_single_image image=&#8221;926&#8243; css=&#8221;&#8221;][vc_empty_space height=&#8221;20px&#8221;][vc_column_text css=&#8221;&#8221;]Sinamedic S.L. Torrent Can Pau Manent 1-3 Local 12 08338 Premi\u00e0 de Dalt (Barcelona) +34 937&hellip;","og_url":"https:\/\/sinamedic.es\/contacta-con-nosotros\/","og_site_name":"Sinamedic","article_modified_time":"2025-09-27T04:01:17+00:00","twitter_card":"summary_large_image","twitter_misc":{"Temps estimat de lectura":"1 minut"},"schema":{"@context":"https:\/\/schema.org","@graph":[{"@type":"WebPage","@id":"https:\/\/sinamedic.es\/contacta-con-nosotros\/","url":"https:\/\/sinamedic.es\/contacta-con-nosotros\/","name":"Contacta con nosotros - Sinamedic","isPartOf":{"@id":"https:\/\/sinamedic.es\/#website"},"datePublished":"2025-04-15T21:13:10+00:00","dateModified":"2025-09-27T04:01:17+00:00","breadcrumb":{"@id":"https:\/\/sinamedic.es\/contacta-con-nosotros\/#breadcrumb"},"inLanguage":"ca","potentialAction":[{"@type":"ReadAction","target":["https:\/\/sinamedic.es\/contacta-con-nosotros\/"]}]},{"@type":"BreadcrumbList","@id":"https:\/\/sinamedic.es\/contacta-con-nosotros\/#breadcrumb","itemListElement":[{"@type":"ListItem","position":1,"name":"Home","item":"https:\/\/sinamedic.es\/"},{"@type":"ListItem","position":2,"name":"Contacta con nosotros"}]},{"@type":"WebSite","@id":"https:\/\/sinamedic.es\/#website","url":"https:\/\/sinamedic.es\/","name":"Sinamedic","description":"Cetrex new project","potentialAction":[{"@type":"SearchAction","target":{"@type":"EntryPoint","urlTemplate":"https:\/\/sinamedic.es\/?s={search_term_string}"},"query-input":{"@type":"PropertyValueSpecification","valueRequired":true,"valueName":"search_term_string"}}],"inLanguage":"ca"}]}},"_links":{"self":[{"href":"https:\/\/sinamedic.es\/ca\/wp-json\/wp\/v2\/pages\/925","targetHints":{"allow":["GET"]}}],"collection":[{"href":"https:\/\/sinamedic.es\/ca\/wp-json\/wp\/v2\/pages"}],"about":[{"href":"https:\/\/sinamedic.es\/ca\/wp-json\/wp\/v2\/types\/page"}],"author":[{"embeddable":true,"href":"https:\/\/sinamedic.es\/ca\/wp-json\/wp\/v2\/users\/2"}],"replies":[{"embeddable":true,"href":"https:\/\/sinamedic.es\/ca\/wp-json\/wp\/v2\/comments?post=925"}],"version-history":[{"count":1,"href":"https:\/\/sinamedic.es\/ca\/wp-json\/wp\/v2\/pages\/925\/revisions"}],"predecessor-version":[{"id":927,"href":"https:\/\/sinamedic.es\/ca\/wp-json\/wp\/v2\/pages\/925\/revisions\/927"}],"wp:attachment":[{"href":"https:\/\/sinamedic.es\/ca\/wp-json\/wp\/v2\/media?parent=925"}],"curies":[{"name":"wp","href":"https:\/\/api.w.org\/{rel}","templated":true}]}}