{"id":928,"date":"2025-04-15T22:09:14","date_gmt":"2025-04-15T22:09:14","guid":{"rendered":"https:\/\/sinamedic.es\/empresa\/"},"modified":"2025-09-27T04:01:43","modified_gmt":"2025-09-27T04:01:43","slug":"empresa","status":"publish","type":"page","link":"https:\/\/sinamedic.es\/ca\/empresa\/","title":{"rendered":"Empresa"},"content":{"rendered":"<div class=\"wpb-content-wrapper\">[vc_row full_width=&#8221;stretch_row_content_no_spaces&#8221; content_placement=&#8221;middle&#8221; css=&#8221;.vc_custom_1753076893635{background-position: center !important;background-repeat: no-repeat !important;background-size: cover !important;}&#8221;][vc_column width=&#8221;1\/2&#8243; css=&#8221;.vc_custom_1747039149478{background-image: url(https:\/\/sinamedic.es\/wp-content\/uploads\/2025\/04\/cuadrat-1.png?id=262) !important;background-position: center !important;background-repeat: no-repeat !important;background-size: contain !important;}&#8221;][vc_empty_space height=&#8221;110px&#8221;][vc_column_text css=&#8221;.vc_custom_1744755180638{padding-left: 10% !important;}&#8221; text_align=&#8221;left&#8221; color=&#8221;#000000&#8243; font_size=&#8221;36&#8243; font_family=&#8221;Noto Sans&#8221; line_height=&#8221;40px&#8221; font_weight=&#8221;800&#8243; letter_spacing=&#8221;-1px&#8221;]Soluciones m\u00e9dicas al servicio de los profesionales[\/vc_column_text][vc_empty_space height=&#8221;10px&#8221;][vc_separator color=&#8221;black&#8221; align=&#8221;align_left&#8221; el_width=&#8221;40&#8243; css=&#8221;.vc_custom_1744654938141{padding-left: 10% !important;}&#8221;][vc_empty_space height=&#8221;20px&#8221;][vc_row_inner css=&#8221;.vc_custom_1744654111810{padding-left: 10% !important;}&#8221;][vc_column_inner][vc_column_text css=&#8221;.vc_custom_1747077798976{padding-right: 7% !important;}&#8221; text_align=&#8221;left&#8221; color=&#8221;#010101&#8243; font_size=&#8221;16&#8243; font_family=&#8221;Noto Sans&#8221; line_height=&#8221;22px&#8221; font_weight=&#8221;300&#8243;]\n<p class=\"\" data-start=\"160\" data-end=\"604\">SINAMEDIC, S.L. es una empresa familiar ubicada en Premi\u00e0 de Dalt, dedicada a la distribuci\u00f3n de material m\u00e9dico-sanitario, as\u00ed como de sus accesorios y complementos. Fundada en noviembre de 2013 como continuidad del proyecto iniciado en 2009 por el <strong>Sr. Santiago Lafarga Roca<\/strong>, la compa\u00f1\u00eda ha consolidado su trayectoria en el sector gracias a una oferta de productos fiables, soluciones t\u00e9cnicas de calidad y un firme compromiso con el servicio.<\/p>\n<p class=\"\" data-start=\"606\" data-end=\"854\">Trabajamos con centros p\u00fablicos y privados, ofreciendo siempre un trato directo, cercano y personalizado. Nuestra prioridad es establecer relaciones de confianza a largo plazo, aportando experiencia, agilidad y atenci\u00f3n profesional en cada entrega.<\/p>\n[\/vc_column_text][vc_empty_space height=&#8221;30px&#8221;][\/vc_column_inner][\/vc_row_inner][\/vc_column][vc_column width=&#8221;1\/2&#8243;][vc_single_image image=&#8221;639&#8243; css=&#8221;&#8221; img_caption=&#8221;Santiago Lafarga Roca&#8221;][\/vc_column][\/vc_row][vc_row full_width=&#8221;stretch_row_content_no_spaces&#8221; css=&#8221;.vc_custom_1744651257012{background-color: #00A9E2 !important;}&#8221;][vc_column][\/vc_column][\/vc_row][vc_row full_width=&#8221;stretch_row_content_no_spaces&#8221; css=&#8221;.vc_custom_1753077011956{padding-top: 10% !important;padding-bottom: 2% !important;background: #003B7F url(https:\/\/sinamedic.es\/wp-content\/uploads\/2025\/04\/cuadrat-1.png?id=262) !important;background-position: 0 0 !important;background-repeat: no-repeat !important;}&#8221;][vc_column][vc_column_text css=&#8221;&#8221; text_align=&#8221;center&#8221; color=&#8221;#ffffff&#8221; font_size=&#8221;26&#8243; font_family=&#8221;Noto Sans&#8221; line_height=&#8221;30px&#8221; font_weight=&#8221;800&#8243; letter_spacing=&#8221;-1px&#8221;]Productos[\/vc_column_text][vc_empty_space height=&#8221;20px&#8221;][vc_row_inner][vc_column_inner width=&#8221;1\/6&#8243;][\/vc_column_inner][vc_column_inner width=&#8221;1\/6&#8243;][vc_single_image image=&#8221;361&#8243; style=&#8221;vc_box_rounded&#8221; onclick=&#8221;custom_link&#8221; css=&#8221;&#8221; img_caption=&#8221;ANESTESIA&#8221; img_hover=&#8221;grayscale&#8221; link=&#8221;https:\/\/sinamedic.es\/categoria-producto\/anestesia\/&#8221;][vc_empty_space height=&#8221;20px&#8221;][vc_single_image image=&#8221;879&#8243; style=&#8221;vc_box_rounded&#8221; onclick=&#8221;custom_link&#8221; css=&#8221;&#8221; img_caption=&#8221;INMOVILIZACI\u00d3N&#8221; img_hover=&#8221;grayscale&#8221; link=&#8221;https:\/\/sinamedic.es\/categoria-producto\/inmovilizacion\/&#8221;][\/vc_column_inner][vc_column_inner width=&#8221;1\/6&#8243;][vc_single_image image=&#8221;369&#8243; style=&#8221;vc_box_rounded&#8221; onclick=&#8221;custom_link&#8221; css=&#8221;&#8221; img_caption=&#8221;DESFIBRILACI\u00d3N&#8221; img_hover=&#8221;grayscale&#8221; link=&#8221;https:\/\/sinamedic.es\/categoria-producto\/desfibrilacion\/&#8221;][vc_empty_space height=&#8221;20px&#8221;][vc_single_image image=&#8221;378&#8243; style=&#8221;vc_box_rounded&#8221; onclick=&#8221;custom_link&#8221; css=&#8221;&#8221; img_caption=&#8221;MOBILIARIO Y EQUIPAMIENTOS&#8221; img_hover=&#8221;grayscale&#8221; link=&#8221;https:\/\/sinamedic.es\/categoria-producto\/mobiliario-y-equipamiento\/&#8221;][\/vc_column_inner][vc_column_inner width=&#8221;1\/6&#8243;][vc_single_image image=&#8221;619&#8243; style=&#8221;vc_box_rounded&#8221; onclick=&#8221;custom_link&#8221; css=&#8221;&#8221; img_caption=&#8221;POLIGRAF\u00cdA&#8221; img_hover=&#8221;grayscale&#8221; link=&#8221;https:\/\/sinamedic.es\/categoria-producto\/poligrafia\/&#8221;][vc_empty_space height=&#8221;20px&#8221;][vc_single_image image=&#8221;384&#8243; style=&#8221;vc_box_rounded&#8221; onclick=&#8221;custom_link&#8221; css=&#8221;&#8221; img_caption=&#8221;ELECTROMEDICINA Y EQUIPOS&#8221; img_hover=&#8221;grayscale&#8221; link=&#8221;https:\/\/sinamedic.es\/categoria-producto\/electromedicina-y-equipos\/&#8221;][\/vc_column_inner][vc_column_inner width=&#8221;1\/6&#8243;][vc_single_image image=&#8221;887&#8243; style=&#8221;vc_box_rounded&#8221; onclick=&#8221;custom_link&#8221; css=&#8221;&#8221; img_caption=&#8221;MATERIAL FUNGIBLE&#8221; img_hover=&#8221;grayscale&#8221; link=&#8221;#&#8221;][vc_empty_space height=&#8221;20px&#8221;][vc_single_image image=&#8221;882&#8243; style=&#8221;vc_box_rounded&#8221; onclick=&#8221;custom_link&#8221; css=&#8221;&#8221; img_caption=&#8221;REANIMACION \/ PRIMEROS AUXILIOS&#8221; img_hover=&#8221;grayscale&#8221; link=&#8221;https:\/\/sinamedic.es\/categoria-producto\/reanimacion-y-primeros-auxilios\/&#8221;][\/vc_column_inner][vc_column_inner width=&#8221;1\/6&#8243;][\/vc_column_inner][\/vc_row_inner][\/vc_column][\/vc_row][vc_row full_width=&#8221;stretch_row_content&#8221; css=&#8221;.vc_custom_1744750470467{padding-right: 10% !important;padding-left: 10% !important;}&#8221; el_id=&#8221;distribucion&#8221;][vc_column width=&#8221;1\/6&#8243;][\/vc_column][vc_column width=&#8221;2\/3&#8243;][vc_empty_space height=&#8221;60px&#8221;][vc_column_text css=&#8221;&#8221; text_align=&#8221;center&#8221; color=&#8221;#000000&#8243; font_size=&#8221;22&#8243; font_family=&#8221;Noto Sans&#8221; line_height=&#8221;26px&#8221; font_weight=&#8221;800&#8243; letter_spacing=&#8221;-1px&#8221;]Distribuidores de primera marcas[\/vc_column_text][vc_empty_space height=&#8221;10px&#8221;][vc_separator color=&#8221;black&#8221; el_width=&#8221;20&#8243; css=&#8221;&#8221;][vc_empty_space height=&#8221;20px&#8221;]<style class=\"vcex-carousel-preload-css\">.vcex_69e7d2c67c0ac{--wpex-carousel-gap:15px;}.vcex_69e7d2c67c0ac{--wpex-carousel-columns:1;}.vcex_69e7d2c67c0ac.wpex-carousel:not(.wpex-carousel--loaded) > *:not(:nth-child(1n+2)){display: flex !important;}@media only screen and (min-width: 480px) {.vcex_69e7d2c67c0ac{--wpex-carousel-columns:2;}.vcex_69e7d2c67c0ac.wpex-carousel:not(.wpex-carousel--loaded) > *:not(:nth-child(1n+3)){display: flex !important;}}@media only screen and (min-width: 768px) {.vcex_69e7d2c67c0ac{--wpex-carousel-columns:3;}.vcex_69e7d2c67c0ac.wpex-carousel:not(.wpex-carousel--loaded) > *:not(:nth-child(1n+4)){display: flex !important;}}@media only screen and (min-width: 960px) {.vcex_69e7d2c67c0ac{--wpex-carousel-columns:6;}.vcex_69e7d2c67c0ac.wpex-carousel:not(.wpex-carousel--loaded) > *:not(:nth-child(1n+7)){display: flex !important;}}<\/style><div class=\"vcex-image-carousel wpex-carousel wpex-carousel-images wpex-clr vcex-module owl-carousel wpex-carousel--render-onload vcex_69e7d2c67c0ac arrwstyle-default arrwpos-default\" data-wpex-carousel=\"{&quot;slideBy&quot;:1,&quot;items&quot;:6,&quot;responsive&quot;:{&quot;0&quot;:{&quot;items&quot;:&quot;1&quot;},&quot;480&quot;:{&quot;items&quot;:&quot;2&quot;},&quot;768&quot;:{&quot;items&quot;:&quot;3&quot;},&quot;960&quot;:{&quot;items&quot;:6}}}\"><div class=\"wpex-carousel-slide\"><figure class=\"wpex-carousel-entry-media entry-media wpex-relative\"><a href=\"https:\/\/www.draeger.com\" class=\"wpex-carousel-entry-img\"><img data-no-lazy=\"1\" class=\"wpex-align-middle skip-lazy\" src=\"https:\/\/sinamedic.es\/wp-content\/uploads\/2025\/04\/drager-210x88.jpg\" alt=\"\" srcset=\"https:\/\/sinamedic.es\/wp-content\/uploads\/2025\/04\/drager-210x88.jpg 210w, https:\/\/sinamedic.es\/wp-content\/uploads\/2025\/04\/drager-300x125.jpg 300w, https:\/\/sinamedic.es\/wp-content\/uploads\/2025\/04\/drager-250x105.jpg 250w, https:\/\/sinamedic.es\/wp-content\/uploads\/2025\/04\/drager-100x42.jpg 100w, https:\/\/sinamedic.es\/wp-content\/uploads\/2025\/04\/drager-180x76.jpg 180w, https:\/\/sinamedic.es\/wp-content\/uploads\/2025\/04\/drager.jpg 500w\" width=\"210\" height=\"88\"><\/a><\/figure><\/div><div class=\"wpex-carousel-slide\"><figure class=\"wpex-carousel-entry-media entry-media wpex-relative\"><a href=\"https:\/\/www.ambu.es\/\" class=\"wpex-carousel-entry-img\"><img data-no-lazy=\"1\" class=\"wpex-align-middle skip-lazy\" src=\"https:\/\/sinamedic.es\/wp-content\/uploads\/2025\/04\/ambu-210x88.jpg\" alt=\"\" srcset=\"https:\/\/sinamedic.es\/wp-content\/uploads\/2025\/04\/ambu-210x88.jpg 210w, https:\/\/sinamedic.es\/wp-content\/uploads\/2025\/04\/ambu-300x125.jpg 300w, https:\/\/sinamedic.es\/wp-content\/uploads\/2025\/04\/ambu-250x105.jpg 250w, https:\/\/sinamedic.es\/wp-content\/uploads\/2025\/04\/ambu-100x42.jpg 100w, https:\/\/sinamedic.es\/wp-content\/uploads\/2025\/04\/ambu-180x76.jpg 180w, https:\/\/sinamedic.es\/wp-content\/uploads\/2025\/04\/ambu.jpg 500w\" width=\"210\" height=\"88\"><\/a><\/figure><\/div><div class=\"wpex-carousel-slide\"><figure class=\"wpex-carousel-entry-media entry-media wpex-relative\"><a href=\"https:\/\/laerdal.com\/es\" class=\"wpex-carousel-entry-img\"><img data-no-lazy=\"1\" class=\"wpex-align-middle skip-lazy\" src=\"https:\/\/sinamedic.es\/wp-content\/uploads\/2025\/04\/laerdal-210x88.jpg\" alt=\"\" srcset=\"https:\/\/sinamedic.es\/wp-content\/uploads\/2025\/04\/laerdal-210x88.jpg 210w, https:\/\/sinamedic.es\/wp-content\/uploads\/2025\/04\/laerdal-300x125.jpg 300w, https:\/\/sinamedic.es\/wp-content\/uploads\/2025\/04\/laerdal-250x105.jpg 250w, https:\/\/sinamedic.es\/wp-content\/uploads\/2025\/04\/laerdal-100x42.jpg 100w, https:\/\/sinamedic.es\/wp-content\/uploads\/2025\/04\/laerdal-180x76.jpg 180w, https:\/\/sinamedic.es\/wp-content\/uploads\/2025\/04\/laerdal.jpg 500w\" width=\"210\" height=\"88\"><\/a><\/figure><\/div><div class=\"wpex-carousel-slide\"><figure class=\"wpex-carousel-entry-media entry-media wpex-relative\"><a href=\"https:\/\/www.zoll.com\/\" class=\"wpex-carousel-entry-img\"><img data-no-lazy=\"1\" class=\"wpex-align-middle skip-lazy\" src=\"https:\/\/sinamedic.es\/wp-content\/uploads\/2025\/04\/zoll-210x88.jpg\" alt=\"\" srcset=\"https:\/\/sinamedic.es\/wp-content\/uploads\/2025\/04\/zoll-210x88.jpg 210w, https:\/\/sinamedic.es\/wp-content\/uploads\/2025\/04\/zoll-300x125.jpg 300w, https:\/\/sinamedic.es\/wp-content\/uploads\/2025\/04\/zoll-250x105.jpg 250w, https:\/\/sinamedic.es\/wp-content\/uploads\/2025\/04\/zoll-100x42.jpg 100w, https:\/\/sinamedic.es\/wp-content\/uploads\/2025\/04\/zoll-180x76.jpg 180w, https:\/\/sinamedic.es\/wp-content\/uploads\/2025\/04\/zoll.jpg 500w\" width=\"210\" height=\"88\"><\/a><\/figure><\/div><div class=\"wpex-carousel-slide\"><figure class=\"wpex-carousel-entry-media entry-media wpex-relative\"><a href=\"https:\/\/bti-biotechnologyinstitute.com\/\" class=\"wpex-carousel-entry-img\"><img data-no-lazy=\"1\" class=\"wpex-align-middle skip-lazy\" src=\"https:\/\/sinamedic.es\/wp-content\/uploads\/2025\/04\/bti-1.jpg\" alt=\"\" width=\"180\" height=\"76\"><\/a><\/figure><\/div><div class=\"wpex-carousel-slide\"><figure class=\"wpex-carousel-entry-media entry-media wpex-relative\"><a href=\"https:\/\/www.masimo.es\/\" class=\"wpex-carousel-entry-img\"><img data-no-lazy=\"1\" class=\"wpex-align-middle skip-lazy\" src=\"https:\/\/sinamedic.es\/wp-content\/uploads\/2025\/04\/masimo-210x88.jpg\" alt=\"\" srcset=\"https:\/\/sinamedic.es\/wp-content\/uploads\/2025\/04\/masimo-210x88.jpg 210w, https:\/\/sinamedic.es\/wp-content\/uploads\/2025\/04\/masimo-300x125.jpg 300w, https:\/\/sinamedic.es\/wp-content\/uploads\/2025\/04\/masimo-250x105.jpg 250w, https:\/\/sinamedic.es\/wp-content\/uploads\/2025\/04\/masimo-100x42.jpg 100w, https:\/\/sinamedic.es\/wp-content\/uploads\/2025\/04\/masimo-180x76.jpg 180w, https:\/\/sinamedic.es\/wp-content\/uploads\/2025\/04\/masimo.jpg 500w\" width=\"210\" height=\"88\"><\/a><\/figure><\/div><\/div>[\/vc_column][vc_column width=&#8221;1\/6&#8243;][\/vc_column][\/vc_row]\n<\/div>","protected":false},"excerpt":{"rendered":"<p>[vc_row full_width=&#8221;stretch_row_content_no_spaces&#8221; content_placement=&#8221;middle&#8221; css=&#8221;.vc_custom_1753076893635{background-position: center !important;background-repeat: no-repeat !important;background-size: cover !important;}&#8221;][vc_column width=&#8221;1\/2&#8243; css=&#8221;.vc_custom_1747039149478{background-image: url(https:\/\/sinamedic.es\/wp-content\/uploads\/2025\/04\/cuadrat-1.png?id=262) !important;background-position: center !important;background-repeat: no-repeat !important;background-size: contain !important;}&#8221;][vc_empty_space height=&#8221;110px&#8221;][vc_column_text css=&#8221;.vc_custom_1744755180638{padding-left: 10% !important;}&#8221; text_align=&#8221;left&#8221; color=&#8221;#000000&#8243; font_size=&#8221;36&#8243; font_family=&#8221;Noto Sans&#8221; line_height=&#8221;40px&#8221; font_weight=&#8221;800&#8243; letter_spacing=&#8221;-1px&#8221;]Soluciones m\u00e9dicas al servicio de los profesionales[\/vc_column_text][vc_empty_space height=&#8221;10px&#8221;][vc_separator color=&#8221;black&#8221; align=&#8221;align_left&#8221; el_width=&#8221;40&#8243; css=&#8221;.vc_custom_1744654938141{padding-left: 10% !important;}&#8221;][vc_empty_space height=&#8221;20px&#8221;][vc_row_inner css=&#8221;.vc_custom_1744654111810{padding-left: 10% !important;}&#8221;][vc_column_inner][vc_column_text css=&#8221;.vc_custom_1747077798976{padding-right: 7% !important;}&#8221; text_align=&#8221;left&#8221; color=&#8221;#010101&#8243; font_size=&#8221;16&#8243;&hellip;<\/p>\n","protected":false},"author":2,"featured_media":0,"parent":0,"menu_order":0,"comment_status":"closed","ping_status":"closed","template":"","meta":{"footnotes":""},"class_list":["post-928","page","type-page","status-publish","hentry","entry","no-media"],"yoast_head":"<!-- This site is optimized with the Yoast SEO plugin v24.9 - https:\/\/yoast.com\/wordpress\/plugins\/seo\/ -->\n<title>Empresa - Sinamedic<\/title>\n<meta name=\"robots\" content=\"index, follow, max-snippet:-1, max-image-preview:large, max-video-preview:-1\" \/>\n<link rel=\"canonical\" href=\"https:\/\/sinamedic.es\/empresa\/\" \/>\n<meta property=\"og:locale\" content=\"ca_ES\" \/>\n<meta property=\"og:type\" content=\"article\" \/>\n<meta property=\"og:title\" content=\"Empresa - Sinamedic\" \/>\n<meta property=\"og:description\" content=\"[vc_row full_width=&#8221;stretch_row_content_no_spaces&#8221; content_placement=&#8221;middle&#8221; css=&#8221;.vc_custom_1753076893635{background-position: center !important;background-repeat: no-repeat !important;background-size: cover !important;}&#8221;][vc_column width=&#8221;1\/2&#8243; css=&#8221;.vc_custom_1747039149478{background-image: url(https:\/\/sinamedic.es\/wp-content\/uploads\/2025\/04\/cuadrat-1.png?id=262) !important;background-position: center !important;background-repeat: no-repeat !important;background-size: contain !important;}&#8221;][vc_empty_space height=&#8221;110px&#8221;][vc_column_text css=&#8221;.vc_custom_1744755180638{padding-left: 10% !important;}&#8221; text_align=&#8221;left&#8221; color=&#8221;#000000&#8243; font_size=&#8221;36&#8243; font_family=&#8221;Noto Sans&#8221; line_height=&#8221;40px&#8221; font_weight=&#8221;800&#8243; letter_spacing=&#8221;-1px&#8221;]Soluciones m\u00e9dicas al servicio de los profesionales[\/vc_column_text][vc_empty_space height=&#8221;10px&#8221;][vc_separator color=&#8221;black&#8221; align=&#8221;align_left&#8221; el_width=&#8221;40&#8243; css=&#8221;.vc_custom_1744654938141{padding-left: 10% !important;}&#8221;][vc_empty_space height=&#8221;20px&#8221;][vc_row_inner css=&#8221;.vc_custom_1744654111810{padding-left: 10% !important;}&#8221;][vc_column_inner][vc_column_text css=&#8221;.vc_custom_1747077798976{padding-right: 7% !important;}&#8221; text_align=&#8221;left&#8221; color=&#8221;#010101&#8243; font_size=&#8221;16&#8243;&hellip;\" \/>\n<meta property=\"og:url\" content=\"https:\/\/sinamedic.es\/empresa\/\" \/>\n<meta property=\"og:site_name\" content=\"Sinamedic\" \/>\n<meta property=\"article:modified_time\" content=\"2025-09-27T04:01:43+00:00\" \/>\n<meta name=\"twitter:card\" content=\"summary_large_image\" \/>\n<meta name=\"twitter:label1\" content=\"Temps estimat de lectura\" \/>\n\t<meta name=\"twitter:data1\" content=\"2 minuts\" \/>\n<script type=\"application\/ld+json\" class=\"yoast-schema-graph\">{\"@context\":\"https:\/\/schema.org\",\"@graph\":[{\"@type\":\"WebPage\",\"@id\":\"https:\/\/sinamedic.es\/empresa\/\",\"url\":\"https:\/\/sinamedic.es\/empresa\/\",\"name\":\"Empresa - Sinamedic\",\"isPartOf\":{\"@id\":\"https:\/\/sinamedic.es\/#website\"},\"datePublished\":\"2025-04-15T22:09:14+00:00\",\"dateModified\":\"2025-09-27T04:01:43+00:00\",\"breadcrumb\":{\"@id\":\"https:\/\/sinamedic.es\/empresa\/#breadcrumb\"},\"inLanguage\":\"ca\",\"potentialAction\":[{\"@type\":\"ReadAction\",\"target\":[\"https:\/\/sinamedic.es\/empresa\/\"]}]},{\"@type\":\"BreadcrumbList\",\"@id\":\"https:\/\/sinamedic.es\/empresa\/#breadcrumb\",\"itemListElement\":[{\"@type\":\"ListItem\",\"position\":1,\"name\":\"Home\",\"item\":\"https:\/\/sinamedic.es\/\"},{\"@type\":\"ListItem\",\"position\":2,\"name\":\"Empresa\"}]},{\"@type\":\"WebSite\",\"@id\":\"https:\/\/sinamedic.es\/#website\",\"url\":\"https:\/\/sinamedic.es\/\",\"name\":\"Sinamedic\",\"description\":\"Cetrex new project\",\"potentialAction\":[{\"@type\":\"SearchAction\",\"target\":{\"@type\":\"EntryPoint\",\"urlTemplate\":\"https:\/\/sinamedic.es\/?s={search_term_string}\"},\"query-input\":{\"@type\":\"PropertyValueSpecification\",\"valueRequired\":true,\"valueName\":\"search_term_string\"}}],\"inLanguage\":\"ca\"}]}<\/script>\n<!-- \/ Yoast SEO plugin. -->","yoast_head_json":{"title":"Empresa - Sinamedic","robots":{"index":"index","follow":"follow","max-snippet":"max-snippet:-1","max-image-preview":"max-image-preview:large","max-video-preview":"max-video-preview:-1"},"canonical":"https:\/\/sinamedic.es\/empresa\/","og_locale":"ca_ES","og_type":"article","og_title":"Empresa - Sinamedic","og_description":"[vc_row full_width=&#8221;stretch_row_content_no_spaces&#8221; content_placement=&#8221;middle&#8221; css=&#8221;.vc_custom_1753076893635{background-position: center !important;background-repeat: no-repeat !important;background-size: cover !important;}&#8221;][vc_column width=&#8221;1\/2&#8243; css=&#8221;.vc_custom_1747039149478{background-image: url(https:\/\/sinamedic.es\/wp-content\/uploads\/2025\/04\/cuadrat-1.png?id=262) !important;background-position: center !important;background-repeat: no-repeat !important;background-size: contain !important;}&#8221;][vc_empty_space height=&#8221;110px&#8221;][vc_column_text css=&#8221;.vc_custom_1744755180638{padding-left: 10% !important;}&#8221; text_align=&#8221;left&#8221; color=&#8221;#000000&#8243; font_size=&#8221;36&#8243; font_family=&#8221;Noto Sans&#8221; line_height=&#8221;40px&#8221; font_weight=&#8221;800&#8243; letter_spacing=&#8221;-1px&#8221;]Soluciones m\u00e9dicas al servicio de los profesionales[\/vc_column_text][vc_empty_space height=&#8221;10px&#8221;][vc_separator color=&#8221;black&#8221; align=&#8221;align_left&#8221; el_width=&#8221;40&#8243; css=&#8221;.vc_custom_1744654938141{padding-left: 10% !important;}&#8221;][vc_empty_space height=&#8221;20px&#8221;][vc_row_inner css=&#8221;.vc_custom_1744654111810{padding-left: 10% !important;}&#8221;][vc_column_inner][vc_column_text css=&#8221;.vc_custom_1747077798976{padding-right: 7% !important;}&#8221; text_align=&#8221;left&#8221; color=&#8221;#010101&#8243; font_size=&#8221;16&#8243;&hellip;","og_url":"https:\/\/sinamedic.es\/empresa\/","og_site_name":"Sinamedic","article_modified_time":"2025-09-27T04:01:43+00:00","twitter_card":"summary_large_image","twitter_misc":{"Temps estimat de lectura":"2 minuts"},"schema":{"@context":"https:\/\/schema.org","@graph":[{"@type":"WebPage","@id":"https:\/\/sinamedic.es\/empresa\/","url":"https:\/\/sinamedic.es\/empresa\/","name":"Empresa - Sinamedic","isPartOf":{"@id":"https:\/\/sinamedic.es\/#website"},"datePublished":"2025-04-15T22:09:14+00:00","dateModified":"2025-09-27T04:01:43+00:00","breadcrumb":{"@id":"https:\/\/sinamedic.es\/empresa\/#breadcrumb"},"inLanguage":"ca","potentialAction":[{"@type":"ReadAction","target":["https:\/\/sinamedic.es\/empresa\/"]}]},{"@type":"BreadcrumbList","@id":"https:\/\/sinamedic.es\/empresa\/#breadcrumb","itemListElement":[{"@type":"ListItem","position":1,"name":"Home","item":"https:\/\/sinamedic.es\/"},{"@type":"ListItem","position":2,"name":"Empresa"}]},{"@type":"WebSite","@id":"https:\/\/sinamedic.es\/#website","url":"https:\/\/sinamedic.es\/","name":"Sinamedic","description":"Cetrex new project","potentialAction":[{"@type":"SearchAction","target":{"@type":"EntryPoint","urlTemplate":"https:\/\/sinamedic.es\/?s={search_term_string}"},"query-input":{"@type":"PropertyValueSpecification","valueRequired":true,"valueName":"search_term_string"}}],"inLanguage":"ca"}]}},"_links":{"self":[{"href":"https:\/\/sinamedic.es\/ca\/wp-json\/wp\/v2\/pages\/928","targetHints":{"allow":["GET"]}}],"collection":[{"href":"https:\/\/sinamedic.es\/ca\/wp-json\/wp\/v2\/pages"}],"about":[{"href":"https:\/\/sinamedic.es\/ca\/wp-json\/wp\/v2\/types\/page"}],"author":[{"embeddable":true,"href":"https:\/\/sinamedic.es\/ca\/wp-json\/wp\/v2\/users\/2"}],"replies":[{"embeddable":true,"href":"https:\/\/sinamedic.es\/ca\/wp-json\/wp\/v2\/comments?post=928"}],"version-history":[{"count":1,"href":"https:\/\/sinamedic.es\/ca\/wp-json\/wp\/v2\/pages\/928\/revisions"}],"predecessor-version":[{"id":932,"href":"https:\/\/sinamedic.es\/ca\/wp-json\/wp\/v2\/pages\/928\/revisions\/932"}],"wp:attachment":[{"href":"https:\/\/sinamedic.es\/ca\/wp-json\/wp\/v2\/media?parent=928"}],"curies":[{"name":"wp","href":"https:\/\/api.w.org\/{rel}","templated":true}]}}